{"id":14,"date":"2025-01-08T12:53:52","date_gmt":"2025-01-08T12:53:52","guid":{"rendered":"https:\/\/ddm-chg.com\/?page_id=14"},"modified":"2025-06-17T10:58:19","modified_gmt":"2025-06-17T14:58:19","slug":"expertises","status":"publish","type":"page","link":"https:\/\/ddm-chg.com\/en\/expertises\/","title":{"rendered":"Expertises"},"content":{"rendered":"<div id=\"code_block-266-14\" class=\"ct-code-block\" ><\/div><section id=\"section-103-14\" class=\"ct-section\" ><div class=\"ct-section-inner-wrap\"><h1 id=\"headline-117-14\" class=\"ct-headline h2\">Expertises<\/h1><div id=\"_dynamic_list-2-14\" class=\"oxy-dynamic-list section-padding-bottom\">                    \n                                            \n                                        \n                    <\/div>\n<\/div><\/section>","protected":false},"excerpt":{"rendered":"","protected":false},"author":1,"featured_media":0,"parent":0,"menu_order":8,"comment_status":"closed","ping_status":"closed","template":"","meta":{"_acf_changed":false,"inline_featured_image":false,"footnotes":""},"class_list":["post-14","page","type-page","status-publish","hentry"],"acf":[],"yoast_head":"<!-- This site is optimized with the Yoast SEO plugin v27.2 - https:\/\/yoast.com\/product\/yoast-seo-wordpress\/ -->\n<title>Nos expertises &#183; DDM | CHG<\/title>\n<meta name=\"description\" content=\"D\u00e9couvrez nos expertises en g\u00e9nie-conseil : foresterie, urbanisme, environnement, infrastructures, TI, strat\u00e9gie, transport et plus.\" \/>\n<meta name=\"robots\" content=\"index, follow, max-snippet:-1, max-image-preview:large, max-video-preview:-1\" \/>\n<link rel=\"canonical\" href=\"https:\/\/ddm-chg.com\/en\/expertises\/\" \/>\n<meta property=\"og:locale\" content=\"en_US\" \/>\n<meta property=\"og:type\" content=\"article\" \/>\n<meta property=\"og:title\" content=\"Nos expertises &#183; DDM | CHG\" \/>\n<meta property=\"og:description\" content=\"D\u00e9couvrez nos expertises en g\u00e9nie-conseil : foresterie, urbanisme, environnement, infrastructures, TI, strat\u00e9gie, transport et plus.\" \/>\n<meta property=\"og:url\" content=\"https:\/\/ddm-chg.com\/en\/expertises\/\" \/>\n<meta property=\"og:site_name\" content=\"DDM | CHG\" \/>\n<meta property=\"article:publisher\" content=\"https:\/\/www.facebook.com\/GroupeDDM\" \/>\n<meta property=\"article:modified_time\" content=\"2025-06-17T14:58:19+00:00\" \/>\n<meta property=\"og:image\" content=\"https:\/\/ddm-chg.com\/wp-content\/uploads\/2025\/06\/ddm-OG.jpg\" \/>\n\t<meta property=\"og:image:width\" content=\"1200\" \/>\n\t<meta property=\"og:image:height\" content=\"630\" \/>\n\t<meta property=\"og:image:type\" content=\"image\/jpeg\" \/>\n<meta name=\"twitter:card\" content=\"summary_large_image\" \/>\n<meta name=\"twitter:label1\" content=\"Est. reading time\" \/>\n\t<meta name=\"twitter:data1\" content=\"1 minute\" \/>\n<script type=\"application\/ld+json\" class=\"yoast-schema-graph\">{\"@context\":\"https:\/\/schema.org\",\"@graph\":[{\"@type\":\"WebPage\",\"@id\":\"https:\/\/ddm-chg.com\/expertises\/\",\"url\":\"https:\/\/ddm-chg.com\/expertises\/\",\"name\":\"Nos expertises &#183; DDM | CHG\",\"isPartOf\":{\"@id\":\"https:\/\/ddm-chg.com\/#website\"},\"datePublished\":\"2025-01-08T12:53:52+00:00\",\"dateModified\":\"2025-06-17T14:58:19+00:00\",\"description\":\"D\u00e9couvrez nos expertises en g\u00e9nie-conseil : foresterie, urbanisme, environnement, infrastructures, TI, strat\u00e9gie, transport et plus.\",\"breadcrumb\":{\"@id\":\"https:\/\/ddm-chg.com\/expertises\/#breadcrumb\"},\"inLanguage\":\"en-CA\",\"potentialAction\":[{\"@type\":\"ReadAction\",\"target\":[\"https:\/\/ddm-chg.com\/expertises\/\"]}]},{\"@type\":\"BreadcrumbList\",\"@id\":\"https:\/\/ddm-chg.com\/expertises\/#breadcrumb\",\"itemListElement\":[{\"@type\":\"ListItem\",\"position\":1,\"name\":\"Home\",\"item\":\"https:\/\/ddm-chg.com\/\"},{\"@type\":\"ListItem\",\"position\":2,\"name\":\"Expertises\"}]},{\"@type\":\"WebSite\",\"@id\":\"https:\/\/ddm-chg.com\/#website\",\"url\":\"https:\/\/ddm-chg.com\/\",\"name\":\"DDM | CHG\",\"description\":\"Unis pour b\u00e2tir, transformer et prot\u00e9ger notre territoire\",\"publisher\":{\"@id\":\"https:\/\/ddm-chg.com\/#organization\"},\"alternateName\":\"Groupe DDM x Groupe Conseil CHG\",\"potentialAction\":[{\"@type\":\"SearchAction\",\"target\":{\"@type\":\"EntryPoint\",\"urlTemplate\":\"https:\/\/ddm-chg.com\/?s={search_term_string}\"},\"query-input\":{\"@type\":\"PropertyValueSpecification\",\"valueRequired\":true,\"valueName\":\"search_term_string\"}}],\"inLanguage\":\"en-CA\"},{\"@type\":\"Organization\",\"@id\":\"https:\/\/ddm-chg.com\/#organization\",\"name\":\"Groupe DDM x Groupe Conseil CHG\",\"url\":\"https:\/\/ddm-chg.com\/\",\"logo\":{\"@type\":\"ImageObject\",\"inLanguage\":\"en-CA\",\"@id\":\"https:\/\/ddm-chg.com\/#\/schema\/logo\/image\/\",\"url\":\"https:\/\/ddm-chg.com\/wp-content\/uploads\/2025\/01\/favicon-ddm.png\",\"contentUrl\":\"https:\/\/ddm-chg.com\/wp-content\/uploads\/2025\/01\/favicon-ddm.png\",\"width\":432,\"height\":476,\"caption\":\"Groupe DDM x Groupe Conseil CHG\"},\"image\":{\"@id\":\"https:\/\/ddm-chg.com\/#\/schema\/logo\/image\/\"},\"sameAs\":[\"https:\/\/www.facebook.com\/GroupeDDM\",\"https:\/\/www.facebook.com\/chgconseil\/\",\"https:\/\/www.linkedin.com\/company\/groupe-ddm\/\"]}]}<\/script>\n<!-- \/ Yoast SEO plugin. -->","yoast_head_json":{"title":"Nos expertises &#183; DDM | CHG","description":"D\u00e9couvrez nos expertises en g\u00e9nie-conseil : foresterie, urbanisme, environnement, infrastructures, TI, strat\u00e9gie, transport et plus.","robots":{"index":"index","follow":"follow","max-snippet":"max-snippet:-1","max-image-preview":"max-image-preview:large","max-video-preview":"max-video-preview:-1"},"canonical":"https:\/\/ddm-chg.com\/en\/expertises\/","og_locale":"en_US","og_type":"article","og_title":"Nos expertises &#183; DDM | CHG","og_description":"D\u00e9couvrez nos expertises en g\u00e9nie-conseil : foresterie, urbanisme, environnement, infrastructures, TI, strat\u00e9gie, transport et plus.","og_url":"https:\/\/ddm-chg.com\/en\/expertises\/","og_site_name":"DDM | CHG","article_publisher":"https:\/\/www.facebook.com\/GroupeDDM","article_modified_time":"2025-06-17T14:58:19+00:00","og_image":[{"width":1200,"height":630,"url":"https:\/\/ddm-chg.com\/wp-content\/uploads\/2025\/06\/ddm-OG.jpg","type":"image\/jpeg"}],"twitter_card":"summary_large_image","twitter_misc":{"Est. reading time":"1 minute"},"schema":{"@context":"https:\/\/schema.org","@graph":[{"@type":"WebPage","@id":"https:\/\/ddm-chg.com\/expertises\/","url":"https:\/\/ddm-chg.com\/expertises\/","name":"Nos expertises &#183; DDM | CHG","isPartOf":{"@id":"https:\/\/ddm-chg.com\/#website"},"datePublished":"2025-01-08T12:53:52+00:00","dateModified":"2025-06-17T14:58:19+00:00","description":"D\u00e9couvrez nos expertises en g\u00e9nie-conseil : foresterie, urbanisme, environnement, infrastructures, TI, strat\u00e9gie, transport et plus.","breadcrumb":{"@id":"https:\/\/ddm-chg.com\/expertises\/#breadcrumb"},"inLanguage":"en-CA","potentialAction":[{"@type":"ReadAction","target":["https:\/\/ddm-chg.com\/expertises\/"]}]},{"@type":"BreadcrumbList","@id":"https:\/\/ddm-chg.com\/expertises\/#breadcrumb","itemListElement":[{"@type":"ListItem","position":1,"name":"Home","item":"https:\/\/ddm-chg.com\/"},{"@type":"ListItem","position":2,"name":"Expertises"}]},{"@type":"WebSite","@id":"https:\/\/ddm-chg.com\/#website","url":"https:\/\/ddm-chg.com\/","name":"DDM | CHG","description":"Unis pour b\u00e2tir, transformer et prot\u00e9ger notre territoire","publisher":{"@id":"https:\/\/ddm-chg.com\/#organization"},"alternateName":"Groupe DDM x Groupe Conseil CHG","potentialAction":[{"@type":"SearchAction","target":{"@type":"EntryPoint","urlTemplate":"https:\/\/ddm-chg.com\/?s={search_term_string}"},"query-input":{"@type":"PropertyValueSpecification","valueRequired":true,"valueName":"search_term_string"}}],"inLanguage":"en-CA"},{"@type":"Organization","@id":"https:\/\/ddm-chg.com\/#organization","name":"Groupe DDM x Groupe Conseil CHG","url":"https:\/\/ddm-chg.com\/","logo":{"@type":"ImageObject","inLanguage":"en-CA","@id":"https:\/\/ddm-chg.com\/#\/schema\/logo\/image\/","url":"https:\/\/ddm-chg.com\/wp-content\/uploads\/2025\/01\/favicon-ddm.png","contentUrl":"https:\/\/ddm-chg.com\/wp-content\/uploads\/2025\/01\/favicon-ddm.png","width":432,"height":476,"caption":"Groupe DDM x Groupe Conseil CHG"},"image":{"@id":"https:\/\/ddm-chg.com\/#\/schema\/logo\/image\/"},"sameAs":["https:\/\/www.facebook.com\/GroupeDDM","https:\/\/www.facebook.com\/chgconseil\/","https:\/\/www.linkedin.com\/company\/groupe-ddm\/"]}]}},"_links":{"self":[{"href":"https:\/\/ddm-chg.com\/en\/wp-json\/wp\/v2\/pages\/14","targetHints":{"allow":["GET"]}}],"collection":[{"href":"https:\/\/ddm-chg.com\/en\/wp-json\/wp\/v2\/pages"}],"about":[{"href":"https:\/\/ddm-chg.com\/en\/wp-json\/wp\/v2\/types\/page"}],"author":[{"embeddable":true,"href":"https:\/\/ddm-chg.com\/en\/wp-json\/wp\/v2\/users\/1"}],"replies":[{"embeddable":true,"href":"https:\/\/ddm-chg.com\/en\/wp-json\/wp\/v2\/comments?post=14"}],"version-history":[{"count":3,"href":"https:\/\/ddm-chg.com\/en\/wp-json\/wp\/v2\/pages\/14\/revisions"}],"predecessor-version":[{"id":360,"href":"https:\/\/ddm-chg.com\/en\/wp-json\/wp\/v2\/pages\/14\/revisions\/360"}],"wp:attachment":[{"href":"https:\/\/ddm-chg.com\/en\/wp-json\/wp\/v2\/media?parent=14"}],"curies":[{"name":"wp","href":"https:\/\/api.w.org\/{rel}","templated":true}]}}