{"id":44,"date":"2025-01-08T13:46:02","date_gmt":"2025-01-08T13:46:02","guid":{"rendered":"https:\/\/ddm-chg.com\/?page_id=44"},"modified":"2026-03-12T08:32:56","modified_gmt":"2026-03-12T12:32:56","slug":"conditions-dutilisation","status":"publish","type":"page","link":"https:\/\/ddm-chg.com\/en\/conditions-dutilisation\/","title":{"rendered":"Conditions d\u2019utilisation"},"content":{"rendered":"<section id=\"section-2-44\" class=\"ct-section\" ><div class=\"ct-section-inner-wrap\"><div id=\"_rich_text-3-44\" class=\"oxy-rich-text\" ><p><strong>CONDITIONS D\u2019UTILISATION DU SITE WEB DE DEL DEGAN, MASS\u00c9 ET ASSOCI\u00c9S ET GROUPE CONSEIL CHG<\/strong><\/p><p class=\"translation-block\">Please carefully read the Terms of Use (hereinafter referred to as the<strong> Terms of Use<\/strong>) below.<\/p><p>En d\u00e9cidant d\u2019utiliser le site web (ci-apr\u00e8s nomm\u00e9 <strong>Site<\/strong>) de Del Degan, Mass\u00e9 et Associ\u00e9s et Groupe Conseil CHG Inc. (ci-apr\u00e8s nomm\u00e9 <strong>Del Degan, Mass\u00e9 et Associ\u00e9s et Groupe Conseil CHG<\/strong>), l\u2019utilisateur (l\u2019utilisateur final ou l\u2019organisation que vous repr\u00e9sentez ou pour laquelle vous travaillez, ci-apr\u00e8s nomm\u00e9 l\u2019<strong>Utilisateur<\/strong>) accepte toutes les Conditions d\u2019utilisation indiqu\u00e9es ci-dessous. Ces conditions d\u2019utilisation r\u00e9gissent le contenu et le fonctionnement du Site, y compris la <strong>Politique de protection des renseignements personnels<\/strong>\u00a0de Del Degan, Mass\u00e9 et Associ\u00e9s et Groupe Conseil CHG.<\/p><p>Ces Conditions d\u2019utilisation ont pour effet de lier juridiquement l\u2019Utilisateur et Del Degan, Mass\u00e9 et Associ\u00e9s et Groupe Conseil CHG (ci-apr\u00e8s les \u00ab\u00a0<strong>Parties<\/strong>\u00a0\u00bb). Les Parties sont en droit d\u2019invoquer la pr\u00e9sente convention et de prendre toutes les mesures utiles et n\u00e9cessaires pour la faire respecter.<\/p><p>L\u2019Utilisateur accepte et reconna\u00eet que Del Degan, Mass\u00e9 et Associ\u00e9s et Groupe Conseil CHG se r\u00e9serve le droit, \u00e0 tout moment et sans avertissement pr\u00e9alable, de modifier, de changer ou de mettre \u00e0 jour les Conditions d\u2019utilisation. L\u2019utilisation de la plateforme par l\u2019Utilisateur apr\u00e8s une telle modification constitue un consentement de celui-ci \u00e0 respecter les Conditions d\u2019utilisation ainsi modifi\u00e9es et d\u2019\u00eatre li\u00e9 par celles-ci. Del Degan, Mass\u00e9 et Associ\u00e9s et Groupe Conseil CHG tentera, dans la mesure du possible, d\u2019informer les utilisateurs de tout changement significatif apport\u00e9 aux Conditions d\u2019utilisation, il vous incombe cependant de les examiner r\u00e9guli\u00e8rement afin d\u2019\u00eatre inform\u00e9 des changements qui y sont \u00e9ventuellement apport\u00e9s. Si l\u2019Utilisateur n\u2019accepte pas les pr\u00e9sentes Conditions d\u2019utilisation ou, selon le cas, les Conditions d\u2019utilisation telles que modifi\u00e9es de temps \u00e0 autre, il ne doit pas utiliser le Site de Del Degan, Mass\u00e9 et Associ\u00e9s et Groupe Conseil CHG.<\/p><p><strong>ACC\u00c8S ET UTILISATION DU SITE WEB DE DEL DEGAN, MASS\u00c9 ET ASSOCI\u00c9S ET GROUPE CONSEIL CHG<\/strong><\/p><p>Browsing the Website implies that you have read, understood and accepted the Terms of Use.<\/p><p>The Website is accessible from all platforms (computer, smartphone, tablet, etc.) and on all browsers. We recommend using Google Chrome or Firefox.<\/p><p>Le Site de Del Degan, Mass\u00e9 et Associ\u00e9s et Groupe Conseil CHG est accessible en tout temps. Il peut arriver que le Site soit temporairement indisponible en cas de mises \u00e0 jour ou de probl\u00e8mes techniques. Del Degan, Mass\u00e9 et Associ\u00e9s et Groupe Conseil CHG n\u2019est pas responsable en cas d\u2019interruption de service ou de mise \u00e0 jour. Del Degan, Mass\u00e9 et Associ\u00e9s et Groupe Conseil CHG essaie d\u2019effectuer les mises \u00e0 jour lorsque l\u2019affluence des visites sur le Site est \u00e0 son plus bas.<\/p><p>Del Degan, Mass\u00e9 et Associ\u00e9s et Groupe Conseil CHG se r\u00e9serve le droit d\u2019ajouter, de supprimer et de modifier tout le contenu qui se trouve sur le Site. Del Degan, Mass\u00e9 et Associ\u00e9s et Groupe Conseil CHG ne peut pas \u00eatre tenu responsable des fautes, des erreurs typographiques et des bogues. Si vous faites part de ce genre de probl\u00e8mes, Del Degan, Mass\u00e9 et Associ\u00e9s et Groupe Conseil CHG fera de son mieux pour corriger promptement la situation.<\/p><p>Users of the Website agree, without limitation, not to:<\/p><ol><li>Use the platform in any way that could damage, disable, overburden or impair the Website;<\/li><li>Disrupt the security, or otherwise abuse the Website or any services, system resources, servers or networks connected to the Website, or any affiliated or linked sites or applications accessible through them;<\/li><li>Upload, post or otherwise transmit to the Website any virus or other harmful, disruptive or destructive computer file or program;<\/li><li>upload, post or otherwise transmit to the Site any virus or other harmful, disruptive or destructive computer file or program;<\/li><li>Use any robot, spider or other automatic device or manual process to monitor or copy the pages of the Website, or their content;<\/li><li>Transmit through the Website emails, chain emails, junk messages or other types of unsolicited mass emails;<\/li><li>Attempt to gain unauthorized access to the Website, or to certain portions to which access is restricted.<\/li><\/ol><p><strong>INTELLECTUAL PROPERTY<\/strong><\/p><p>Tous les droits de propri\u00e9t\u00e9 intellectuelle (marque de commerce, droit d\u2019auteur, etc.) (Ci-apr\u00e8s \u00ab\u00a0<strong>Propri\u00e9t\u00e9 intellectuelle<\/strong>\u00a0\u00bb) li\u00e9s au Site sont la propri\u00e9t\u00e9 exclusive de Del Degan, Mass\u00e9 et Associ\u00e9s et Groupe Conseil CHG, qui en fait l\u2019exploitation. Vous ne pouvez ni copier ni utiliser le mat\u00e9riel, la structure, le menu, l\u2019apparence ou les caract\u00e8res qui apparaissent sur le Site sans le consentement explicite de Del Degan, Mass\u00e9 et Associ\u00e9s et Groupe Conseil CHG.<\/p><p>Certains noms, mots, titres, expressions, logos, ic\u00f4nes, graphiques, dessins, noms de domaine ou autre, contenus sur le Site peuvent \u00eatre des marques de commerce, des marques de service ou des appellations commerciales, d\u00e9pos\u00e9es ou non d\u00e9pos\u00e9es (aux fins de ces Conditions d\u2019utilisation, elles sont toutes d\u00e9sign\u00e9es par le terme \u00ab\u2009<strong>Marques de commerce<\/strong>\u2009\u00bb). Ces Marques de commerce sont prot\u00e9g\u00e9es par les lois canadiennes et \u00e9trang\u00e8res applicables aux marques de commerce et sont la propri\u00e9t\u00e9 exclusive de Del Degan, Mass\u00e9 et Associ\u00e9s et Groupe Conseil CHG, \u00e0 l\u2019exception des marques de commerce, des logos et du mat\u00e9riel appartenant aux clients et pr\u00e9sent\u00e9 dans la section R\u00e9alisations du Site.<\/p><p>Sans en limiter la port\u00e9e, les \u00e9l\u00e9ments de Propri\u00e9t\u00e9 intellectuelle appartenant \u00e0 Del Degan, Mass\u00e9 et Associ\u00e9s et Groupe Conseil CHG incluent, non exhaustivement, les \u00e9l\u00e9ments suivants :<\/p><ul><li>All logos, drawings, graphics, trademarks (registered or not), symbols, texts, expressions, words as well as all the general content of the Website.<\/li><\/ul><p>Tous les renseignements fournis sur le Site appartiennent \u00e0 Del Degan, Mass\u00e9 et Associ\u00e9s et Groupe Conseil CHG, et sont prot\u00e9g\u00e9s par les lois applicables en l\u2019esp\u00e8ce. \u00c0 moins d\u2019indication contraire, l\u2019information ne peut autrement \u00eatre copi\u00e9e, affich\u00e9e, distribu\u00e9e, t\u00e9l\u00e9charg\u00e9e, exploit\u00e9e sous licence, modifi\u00e9e, publi\u00e9e, reproduite, r\u00e9utilis\u00e9e, vendue, transmise ou utilis\u00e9e \u00e0 des fins d\u2019\u0153uvres d\u00e9riv\u00e9es, publiques ou commerciales sans une autorisation \u00e9crite et expresse de Del Degan, Mass\u00e9 et Associ\u00e9s et Groupe Conseil CHG. L\u2019information est prot\u00e9g\u00e9e en vertu de la l\u00e9gislation sur le droit d\u2019auteur et les marques de commerce du Canada et des pays qui h\u00e9bergent le Site.<\/p><p>You may use the information exclusively for your personal and non-commercial use, provided that you reference the respective credits, copyrights and trademarks on the copies. These Terms of Use grant you limited permission to view on your computer or phone, download or print text and images presented on the Website, and only for non-commercial, personal and educational purposes, provided that the content of the Website is not modified in any way. This permission is yours alone; it may not be assigned or transferred to another person, or be sub-licensed. Images and text contained on the Website that are downloaded, copied, saved or printed are still subject to these Terms of Use. You should ensure that all copyright and trademark mentions are still included. The content of the Website may be modified at any time without notice. For more information regarding permission to use, reproduce or republish any information presented on the Website, please email us at info@groupe-ddm.com.<\/p><p>Nothing herein shall be construed as conferring by implication, estoppel, or otherwise any license or right to User under any copyright or trademark.<\/p><p>Any unauthorized downloading, retransmission, copying or modification of trademarks or data contained on the Website may violate federal or other trademark or copyright laws and could expose the User to legal proceedings.<\/p><p><strong>EXTERNAL LINKS<\/strong><\/p><p>Il se peut qu\u2019en utilisant un hyperlien, vous quittiez le Site pour acc\u00e9der aux sites et aux contenus d\u2019autres clients (ci-apr\u00e8s les \u00ab\u2009<strong>Sites internet externes<\/strong>\u2009\u00bb). Del Degan, Mass\u00e9 et Associ\u00e9s et Groupe Conseil CHG met \u00e0 disposition des utilisateurs, en plus de ses propres contenus, des liens vers des Sites internet externes uniquement \u00e0 titre d\u2019information pour l\u2019usager. Del Degan, Mass\u00e9 et Associ\u00e9s et Groupe Conseil CHG n\u2019a aucun contr\u00f4le sur le contenu de ces Sites internet externes et n\u2019assume aucune responsabilit\u00e9 quant \u00e0 leur exactitude, pr\u00e9cision, exhaustivit\u00e9, authenticit\u00e9, actualit\u00e9 ou ad\u00e9quation avec un but d\u00e9termin\u00e9.<\/p><p>Toute responsabilit\u00e9 de Del Degan, Mass\u00e9 et Associ\u00e9s et Groupe Conseil CHG est exclue, en particulier concernant les dommages directs ou indirects ou les cons\u00e9quences li\u00e9es \u00e0 l\u2019utilisation des contenus de ces sites Internet externes. Del Degan, Mass\u00e9 et Associ\u00e9s et Groupe Conseil CHG n\u2019a aucune influence sur les contenus des Sites internet externes auxquels renvoient les liens. Del Degan, Mass\u00e9 et Associ\u00e9s et Groupe Conseil CHG s\u2019affranchit de toute responsabilit\u00e9 quant aux contenus des liens externes, en particulier \u00e0 ceux qui ont \u00e9t\u00e9 modifi\u00e9s apr\u00e8s la mise en place du lien. Del Degan, Mass\u00e9 et Associ\u00e9s et Groupe Conseil CHG n\u2019exige pas la transmission des informations, ne s\u00e9lectionne pas les destinataires des informations transmises ni les informations elles-m\u00eames, et ne les modifie pas. Aucune sauvegarde interm\u00e9diaire automatique \u00e0 court terme de ces liens externes n\u2019est effectu\u00e9e par Del Degan, Mass\u00e9 et Associ\u00e9s et Groupe Conseil CHG en vertu de la m\u00e9thode de cr\u00e9ation et de consultation des liens en vigueur. Par cons\u00e9quent, la responsabilit\u00e9 du contenu des Sites internet externes accessibles via des liens externes incombe exclusivement \u00e0 leurs exploitants.<\/p><p>En outre, Del Degan, Mass\u00e9 et Associ\u00e9s et Groupe Conseil CHG ne peut nullement garantir l\u2019absence de violation des droits d\u2019auteur ou des marques ou des droits de tiers par ces Sites internet externes ou leur contenu, ni l\u2019absence de virus ou d\u2019autres composantes nuisibles. Aucune garantie n\u2019est apport\u00e9e quant \u00e0 l\u2019authenticit\u00e9 des documents disponibles sur ces Sites internet externes.<\/p><p><strong>DISCLAIMER AND COMPENSATION<\/strong><\/p><p>Del Degan, Mass\u00e9 et Associ\u00e9s et Groupe Conseil CHG ne garantit pas l\u2019exactitude, l\u2019int\u00e9gralit\u00e9, la qualit\u00e9, la pertinence ni le contenu de l\u2019information pr\u00e9sente sur son Site. Cette information est fournie telle quelle, sans garantie ni condition que ce soit, expresse ou implicite, y compris, entre autres, les conditions et garanties implicites \u00e0 l\u2019\u00e9gard de la valeur commerciale et de la pertinence pour un but donn\u00e9, sauf dans les territoires qui n\u2019autorisent pas l\u2019exclusion de garanties implicites.<\/p><p>Del Degan, Mass\u00e9 et Associ\u00e9s et Groupe Conseil CHG n\u2019est pas responsable du contenu d\u00e9pos\u00e9 sur le Site par les Utilisateurs et des dommages pouvant en r\u00e9sulter. Chaque Utilisateur est responsable du contenu qu\u2019il \u00e9change sur le Site et ne peut utiliser le Site \u00e0 des fins contraires aux lois applicables au Qu\u00e9bec et au Canada.<\/p><p>Del Degan, Mass\u00e9 et Associ\u00e9s et Groupe Conseil CHG ne pourra \u00eatre tenu responsable de tous dommages directs, indirects, sp\u00e9ciaux, accessoires et cons\u00e9cutifs, ou de tout autre dommage quel qu\u2019il soit, entre autres les pertes de revenus, de profits ou d\u2019avantages \u00e9conomiques anticip\u00e9s d\u00e9coulant de l\u2019utilisation ou de l\u2019impossibilit\u00e9 d\u2019utiliser le Site, les renseignements, documents et logiciels qui s\u2019y trouvent, avec leur contenu, m\u00eame si Del Degan, Mass\u00e9 et Associ\u00e9s et Groupe Conseil CHG a \u00e9t\u00e9 pr\u00e9venu de la possibilit\u00e9 de tels dommages ou m\u00eame si ces dommages peuvent \u00eatre pr\u00e9vus de fa\u00e7on raisonnable.<\/p><p>\u00c0 titre d\u2019Utilisateur, vous indemniserez Del Degan, Mass\u00e9 et Associ\u00e9s et Groupe Conseil CHG, ses directeurs et ses employ\u00e9s, et les d\u00e9gagez de toute responsabilit\u00e9 pour l\u2019ensemble des r\u00e9clamations, responsabilit\u00e9s, pertes et frais (y compris les frais juridiques) attribuables \u00e0 l\u2019utilisation du Site, et\/ou \u00e0 la violation de ces Conditions d\u2019utilisation, que cette infraction soit de vous ou d\u2019un quelconque tiers utilisateur de votre compte.<\/p><p>You may not use or export the Information, or any copy or adaptation of the Information, in violation of any applicable laws or regulations, including applicable export laws and regulations of Canada.<\/p><p><strong>APPLICABLE LAW AND COMPETENT COURTS<\/strong><\/p><p>Le Site et ses contenus sont g\u00e9r\u00e9s par Del Degan, Mass\u00e9 et Associ\u00e9s et Groupe Conseil CHG \u00e0 partir de ses bureaux situ\u00e9s dans la Province de Qu\u00e9bec au Canada. Le Site et ses contenus, les pr\u00e9sentes Conditions d\u2019utilisation, et votre utilisation du Site sont tous r\u00e9gis par les lois du Qu\u00e9bec et du Canada qui sont applicables, sans donner effet \u00e0 quelque principe que ce soit relatif au conflit de lois.<\/p><p>You agree that all questions and disputes concerning the Website and your use thereof should be settled exclusively by the courts of the province of Quebec.<\/p><p>In addition, any decision of the courts to the effect that one of the clauses of these Terms of Use is void or unenforceable does not affect the other clauses.<\/p><p><strong>CHANGES TO THE TERMS OF USE<\/strong><\/p><p>Del Degan, Mass\u00e9 et Associ\u00e9s et Groupe Conseil CHG se r\u00e9serve le droit de modifier ou de compl\u00e9ter les pr\u00e9sentes Conditions d\u2019utilisation en tout temps, \u00e0 son enti\u00e8re discr\u00e9tion. Toute modification importante sera publi\u00e9e dans le pr\u00e9sent document et vous sera communiqu\u00e9 par courriel.<\/p><p>Del Degan, Mass\u00e9 et Associ\u00e9s et Groupe Conseil CHG demande aux utilisateurs de prendre connaissance de la version \u00e0 jour des Conditions d\u2019utilisation. Si vous vous opposez \u00e0 une quelconque modification apport\u00e9e \u00e0 ces Conditions d\u2019utilisation, veuillez cesser toute utilisation du Site. L\u2019utilisation continue de ce service, apr\u00e8s l\u2019entr\u00e9e en vigueur des nouvelles Conditions d\u2019utilisation, constitue votre acceptation de celle-ci.<\/p><p><strong>CONTACT PERSON<\/strong><\/p><p>If you have any questions or comments regarding any content of the Website, please contact us at info@groupe-ddm.com.<\/p><p>_____________<\/p><p>\u00a0<\/p><\/div><\/div><\/section>","protected":false},"excerpt":{"rendered":"","protected":false},"author":1,"featured_media":0,"parent":0,"menu_order":3,"comment_status":"closed","ping_status":"closed","template":"","meta":{"_acf_changed":false,"inline_featured_image":false,"footnotes":""},"class_list":["post-44","page","type-page","status-publish","hentry"],"acf":[],"yoast_head":"<!-- This site is optimized with the Yoast SEO plugin v27.2 - https:\/\/yoast.com\/product\/yoast-seo-wordpress\/ -->\n<title>Conditions d\u2019utilisation &#183; DDM | CHG<\/title>\n<meta name=\"robots\" content=\"index, follow, max-snippet:-1, max-image-preview:large, max-video-preview:-1\" \/>\n<link rel=\"canonical\" href=\"https:\/\/ddm-chg.com\/en\/conditions-dutilisation\/\" \/>\n<meta property=\"og:locale\" content=\"en_US\" \/>\n<meta property=\"og:type\" content=\"article\" \/>\n<meta property=\"og:title\" content=\"Conditions d\u2019utilisation &#183; DDM | CHG\" \/>\n<meta property=\"og:url\" content=\"https:\/\/ddm-chg.com\/en\/conditions-dutilisation\/\" \/>\n<meta property=\"og:site_name\" content=\"DDM | CHG\" \/>\n<meta property=\"article:publisher\" content=\"https:\/\/www.facebook.com\/GroupeDDM\" \/>\n<meta property=\"article:modified_time\" content=\"2026-03-12T12:32:56+00:00\" \/>\n<meta property=\"og:image\" content=\"https:\/\/ddm-chg.com\/wp-content\/uploads\/2025\/06\/ddm-OG.jpg\" \/>\n\t<meta property=\"og:image:width\" content=\"1200\" \/>\n\t<meta property=\"og:image:height\" content=\"630\" \/>\n\t<meta property=\"og:image:type\" content=\"image\/jpeg\" \/>\n<meta name=\"twitter:card\" content=\"summary_large_image\" \/>\n<meta name=\"twitter:label1\" content=\"Est. reading time\" \/>\n\t<meta name=\"twitter:data1\" content=\"12 minutes\" \/>\n<script type=\"application\/ld+json\" class=\"yoast-schema-graph\">{\"@context\":\"https:\/\/schema.org\",\"@graph\":[{\"@type\":\"WebPage\",\"@id\":\"https:\/\/ddm-chg.com\/conditions-dutilisation\/\",\"url\":\"https:\/\/ddm-chg.com\/conditions-dutilisation\/\",\"name\":\"Conditions d\u2019utilisation &#183; DDM | CHG\",\"isPartOf\":{\"@id\":\"https:\/\/ddm-chg.com\/#website\"},\"datePublished\":\"2025-01-08T13:46:02+00:00\",\"dateModified\":\"2026-03-12T12:32:56+00:00\",\"breadcrumb\":{\"@id\":\"https:\/\/ddm-chg.com\/conditions-dutilisation\/#breadcrumb\"},\"inLanguage\":\"en-CA\",\"potentialAction\":[{\"@type\":\"ReadAction\",\"target\":[\"https:\/\/ddm-chg.com\/conditions-dutilisation\/\"]}]},{\"@type\":\"BreadcrumbList\",\"@id\":\"https:\/\/ddm-chg.com\/conditions-dutilisation\/#breadcrumb\",\"itemListElement\":[{\"@type\":\"ListItem\",\"position\":1,\"name\":\"Home\",\"item\":\"https:\/\/ddm-chg.com\/\"},{\"@type\":\"ListItem\",\"position\":2,\"name\":\"Conditions d\u2019utilisation\"}]},{\"@type\":\"WebSite\",\"@id\":\"https:\/\/ddm-chg.com\/#website\",\"url\":\"https:\/\/ddm-chg.com\/\",\"name\":\"DDM | CHG\",\"description\":\"Unis pour b\u00e2tir, transformer et prot\u00e9ger notre territoire\",\"publisher\":{\"@id\":\"https:\/\/ddm-chg.com\/#organization\"},\"alternateName\":\"Groupe DDM x Groupe Conseil CHG\",\"potentialAction\":[{\"@type\":\"SearchAction\",\"target\":{\"@type\":\"EntryPoint\",\"urlTemplate\":\"https:\/\/ddm-chg.com\/?s={search_term_string}\"},\"query-input\":{\"@type\":\"PropertyValueSpecification\",\"valueRequired\":true,\"valueName\":\"search_term_string\"}}],\"inLanguage\":\"en-CA\"},{\"@type\":\"Organization\",\"@id\":\"https:\/\/ddm-chg.com\/#organization\",\"name\":\"Groupe DDM x Groupe Conseil CHG\",\"url\":\"https:\/\/ddm-chg.com\/\",\"logo\":{\"@type\":\"ImageObject\",\"inLanguage\":\"en-CA\",\"@id\":\"https:\/\/ddm-chg.com\/#\/schema\/logo\/image\/\",\"url\":\"https:\/\/ddm-chg.com\/wp-content\/uploads\/2025\/01\/favicon-ddm.png\",\"contentUrl\":\"https:\/\/ddm-chg.com\/wp-content\/uploads\/2025\/01\/favicon-ddm.png\",\"width\":432,\"height\":476,\"caption\":\"Groupe DDM x Groupe Conseil CHG\"},\"image\":{\"@id\":\"https:\/\/ddm-chg.com\/#\/schema\/logo\/image\/\"},\"sameAs\":[\"https:\/\/www.facebook.com\/GroupeDDM\",\"https:\/\/www.facebook.com\/chgconseil\/\",\"https:\/\/www.linkedin.com\/company\/groupe-ddm\/\"]}]}<\/script>\n<!-- \/ Yoast SEO plugin. -->","yoast_head_json":{"title":"Conditions d\u2019utilisation &#183; DDM | CHG","robots":{"index":"index","follow":"follow","max-snippet":"max-snippet:-1","max-image-preview":"max-image-preview:large","max-video-preview":"max-video-preview:-1"},"canonical":"https:\/\/ddm-chg.com\/en\/conditions-dutilisation\/","og_locale":"en_US","og_type":"article","og_title":"Conditions d\u2019utilisation &#183; DDM | CHG","og_url":"https:\/\/ddm-chg.com\/en\/conditions-dutilisation\/","og_site_name":"DDM | CHG","article_publisher":"https:\/\/www.facebook.com\/GroupeDDM","article_modified_time":"2026-03-12T12:32:56+00:00","og_image":[{"width":1200,"height":630,"url":"https:\/\/ddm-chg.com\/wp-content\/uploads\/2025\/06\/ddm-OG.jpg","type":"image\/jpeg"}],"twitter_card":"summary_large_image","twitter_misc":{"Est. reading time":"12 minutes"},"schema":{"@context":"https:\/\/schema.org","@graph":[{"@type":"WebPage","@id":"https:\/\/ddm-chg.com\/conditions-dutilisation\/","url":"https:\/\/ddm-chg.com\/conditions-dutilisation\/","name":"Conditions d\u2019utilisation &#183; DDM | CHG","isPartOf":{"@id":"https:\/\/ddm-chg.com\/#website"},"datePublished":"2025-01-08T13:46:02+00:00","dateModified":"2026-03-12T12:32:56+00:00","breadcrumb":{"@id":"https:\/\/ddm-chg.com\/conditions-dutilisation\/#breadcrumb"},"inLanguage":"en-CA","potentialAction":[{"@type":"ReadAction","target":["https:\/\/ddm-chg.com\/conditions-dutilisation\/"]}]},{"@type":"BreadcrumbList","@id":"https:\/\/ddm-chg.com\/conditions-dutilisation\/#breadcrumb","itemListElement":[{"@type":"ListItem","position":1,"name":"Home","item":"https:\/\/ddm-chg.com\/"},{"@type":"ListItem","position":2,"name":"Conditions d\u2019utilisation"}]},{"@type":"WebSite","@id":"https:\/\/ddm-chg.com\/#website","url":"https:\/\/ddm-chg.com\/","name":"DDM | CHG","description":"Unis pour b\u00e2tir, transformer et prot\u00e9ger notre territoire","publisher":{"@id":"https:\/\/ddm-chg.com\/#organization"},"alternateName":"Groupe DDM x Groupe Conseil CHG","potentialAction":[{"@type":"SearchAction","target":{"@type":"EntryPoint","urlTemplate":"https:\/\/ddm-chg.com\/?s={search_term_string}"},"query-input":{"@type":"PropertyValueSpecification","valueRequired":true,"valueName":"search_term_string"}}],"inLanguage":"en-CA"},{"@type":"Organization","@id":"https:\/\/ddm-chg.com\/#organization","name":"Groupe DDM x Groupe Conseil CHG","url":"https:\/\/ddm-chg.com\/","logo":{"@type":"ImageObject","inLanguage":"en-CA","@id":"https:\/\/ddm-chg.com\/#\/schema\/logo\/image\/","url":"https:\/\/ddm-chg.com\/wp-content\/uploads\/2025\/01\/favicon-ddm.png","contentUrl":"https:\/\/ddm-chg.com\/wp-content\/uploads\/2025\/01\/favicon-ddm.png","width":432,"height":476,"caption":"Groupe DDM x Groupe Conseil CHG"},"image":{"@id":"https:\/\/ddm-chg.com\/#\/schema\/logo\/image\/"},"sameAs":["https:\/\/www.facebook.com\/GroupeDDM","https:\/\/www.facebook.com\/chgconseil\/","https:\/\/www.linkedin.com\/company\/groupe-ddm\/"]}]}},"_links":{"self":[{"href":"https:\/\/ddm-chg.com\/en\/wp-json\/wp\/v2\/pages\/44","targetHints":{"allow":["GET"]}}],"collection":[{"href":"https:\/\/ddm-chg.com\/en\/wp-json\/wp\/v2\/pages"}],"about":[{"href":"https:\/\/ddm-chg.com\/en\/wp-json\/wp\/v2\/types\/page"}],"author":[{"embeddable":true,"href":"https:\/\/ddm-chg.com\/en\/wp-json\/wp\/v2\/users\/1"}],"replies":[{"embeddable":true,"href":"https:\/\/ddm-chg.com\/en\/wp-json\/wp\/v2\/comments?post=44"}],"version-history":[{"count":5,"href":"https:\/\/ddm-chg.com\/en\/wp-json\/wp\/v2\/pages\/44\/revisions"}],"predecessor-version":[{"id":813,"href":"https:\/\/ddm-chg.com\/en\/wp-json\/wp\/v2\/pages\/44\/revisions\/813"}],"wp:attachment":[{"href":"https:\/\/ddm-chg.com\/en\/wp-json\/wp\/v2\/media?parent=44"}],"curies":[{"name":"wp","href":"https:\/\/api.w.org\/{rel}","templated":true}]}}