{"id":47,"date":"2025-01-08T13:46:20","date_gmt":"2025-01-08T13:46:20","guid":{"rendered":"https:\/\/ddm-chg.com\/?page_id=47"},"modified":"2025-06-17T10:57:09","modified_gmt":"2025-06-17T14:57:09","slug":"politique-de-confidentialite","status":"publish","type":"page","link":"https:\/\/ddm-chg.com\/en\/politique-de-confidentialite\/","title":{"rendered":"Politique de confidentialit\u00e9"},"content":{"rendered":"<section id=\"section-2-47\" class=\"ct-section\" ><div class=\"ct-section-inner-wrap\"><div id=\"_rich_text-3-47\" class=\"oxy-rich-text\" ><p><strong>POLITIQUE DE CONFIDENTIALIT\u00c9 DE DEL DEGAN, MASS\u00c9 ET ASSOCI\u00c9S ET GROUPE CONSEIL CHG<\/strong><\/p><p>Del Degan, Mass\u00e9 et Associ\u00e9s et Groupe Conseil CHG Inc. (ci-apr\u00e8s nomm\u00e9 <strong>Del Degan, Mass\u00e9 et Associ\u00e9s et Groupe Conseil CHG<\/strong>) porte une attention toute particuli\u00e8re \u00e0 la protection de la vie priv\u00e9e. Del Degan, Mass\u00e9 et Associ\u00e9s et Groupe Conseil CHG se pr\u00e9occupe s\u00e9rieusement du caract\u00e8re priv\u00e9 de vos renseignements personnels et s\u2019engage \u00e0 respecter la confidentialit\u00e9 des informations collect\u00e9es via son site web (ci-apr\u00e8s nomm\u00e9 <strong>Site<\/strong>).<\/p><p>Del Degan, Mass\u00e9 et Associ\u00e9s et Groupe Conseil CHG s\u2019engage \u00e0 respecter, conform\u00e9ment aux lois applicables, ses obligations concernant la collecte et le traitement des informations personnelles et confidentielles obtenues dans le cadre de l\u2019exploitation d\u2019une entreprise afin que chacun puisse b\u00e9n\u00e9ficier du respect de sa r\u00e9putation et de sa vie priv\u00e9e.<\/p><p>La pr\u00e9sente politique\u00a0de protection des renseignements personnels (ci-apr\u00e8s nomm\u00e9e la \u00ab\u00a0<strong>Politique<\/strong>\u00a0\u00bb), d\u00e9crit les renseignements que Del Degan, Mass\u00e9 et Associ\u00e9s et Groupe Conseil CHG peut recueillir aupr\u00e8s de vous dans le cadre de ses activit\u00e9s, les fins auxquelles les informations sont recueillies, l\u2019utilisation que nous en faisons et les circonstances dans lesquelles ces informations peuvent \u00eatre transmises \u00e0 des tiers. De plus, la pr\u00e9sente Politique indique les droits qui s\u2019offrent \u00e0 vous concernant la collecte, l\u2019utilisation et la communication de vos informations personnelles. Del Degan, Mass\u00e9 et Associ\u00e9s et Groupe Conseil CHG s\u2019engage \u00e0 ne pas recueillir, utiliser ou communiquer vos renseignements personnels autrement qu\u2019en conformit\u00e9 avec la pr\u00e9sente Politique et les lois applicables au Canada et au Qu\u00e9bec.<\/p><p><strong>SCOPE OF THE POLICY<\/strong><\/p><p>When you browse the Website, whether you are logged into an account or not, you accept the terms and conditions of this Policy. If you continue to use the Website after a new version of this Policy has been posted, you consent to the changes and will be bound by them. By providing us with your information, you consent to its collection and use as set out in this Policy.<\/p><p><strong>\u00a0<\/strong><\/p><p><strong>COLLECTION OF PERSONAL INFORMATION<\/strong><\/p><p>Del Degan, Mass\u00e9 et Associ\u00e9s et Groupe Conseil CHG peut obtenir aupr\u00e8s de vous des renseignements personnels lorsque vous communiquez avec nous par t\u00e9l\u00e9phone, par courriel ou via les formulaires sur le Site.<\/p><p>For more information on the protection of your personal information and your related rights, you can contact the Office of the Privacy Commissioner of Canada or the Commission for the Protection of Privacy of Quebec.<\/p><ul><li>Office of the Privacy Commissioner of Canada <a href=\"https:\/\/www.priv.gc.ca\/\">https:\/\/www.priv.gc.ca\/<\/a><\/li><li>Quebec Information Access Commission <a href=\"http:\/\/www.cai.gouv.qc.ca\">cai.gouv.qc.ca<\/a><\/li><\/ul><p><strong>USE OF COOKIES<\/strong><\/p><p>Le Site de Del Degan, Mass\u00e9 et Associ\u00e9s et Groupe Conseil CHG, https:\/\/www.groupe-ddm.com, utilise des cookies et autres technologies li\u00e9es (par simplification, toutes ces technologies sont d\u00e9sign\u00e9es par le terme \u00ab cookies \u00bb). Des cookies sont \u00e9galement plac\u00e9s par des tierces parties utilis\u00e9es notamment pour recueillir des statistiques.<\/p><p><strong>What is a cookie?<\/strong><\/p><p>A cookie is a small file sent by the pages of the Website and stored by your browser on the hard drive of your computer or other device. The information stored there may be sent back to our servers or the servers of the relevant third parties on a subsequent visit.<\/p><p><strong>What is a script?<\/strong><\/p><p>A script is an element of code used to make the Website work correctly and interactively. This code is executed on our server or your device.<\/p><p><strong>What is a web tag?<\/strong><\/p><p>A web tag is a small piece of invisible text or image used to track traffic and store various data relating to the use of the Website.<\/p><p><strong>Third parties<\/strong><\/p><p>Del Degan, Mass\u00e9 et Associ\u00e9s et Groupe Conseil CHG utilise les services de tierces parties qui placent des cookies, notamment Google. Del Degan, Mass\u00e9 et Associ\u00e9s et Groupe Conseil CHG ne peut garantir que ces tierces parties g\u00e8rent vos donn\u00e9es personnelles de mani\u00e8re fiable ou s\u00e9curis\u00e9e. Ces parties doivent \u00eatre consid\u00e9r\u00e9es comme des responsables de traitement des donn\u00e9es ind\u00e9pendants. Il est recommand\u00e9 de lire les d\u00e9clarations de confidentialit\u00e9 de ces entreprises.<\/p><p><strong>Statistics monitoring cookies<\/strong><\/p><p>Del Degan, Mass\u00e9 et Associ\u00e9s et Groupe Conseil CHG utilise des cookies statistiques afin d\u2019optimiser l\u2019exp\u00e9rience des internautes sur son Site. Avec ces cookies statistiques, Del Degan, Mass\u00e9 et Associ\u00e9s et Groupe Conseil CHG obtient des observations sur l\u2019utilisation de son Site.<\/p><p><strong>Marketing \/ tracking cookies<\/strong><\/p><p>Marketing\/tracking cookies are cookies, or any other form of local storage, used to display advertising or to track the user across the Website or across multiple websites for similar marketing purposes.<\/p><p><strong>Social networks<\/strong><\/p><p>Sur le Site de Del Degan, Mass\u00e9 et Associ\u00e9s et Groupe Conseil CHG, vous trouverez du contenu provenant de Facebook pour promouvoir des pages web (par exemple, \u00ab like \u00bb, \u00ab pin \u00bb) ou les partager (par exemple, \u00ab tweet \u00bb) sur des r\u00e9seaux sociaux comme Facebook. Ce contenu est int\u00e9gr\u00e9 gr\u00e2ce un code obtenu de Facebook et place des cookies. Ce contenu peut stocker et traiter certaines informations \u00e0 des fins de publicit\u00e9 personnalis\u00e9e.<\/p><p>Please read the privacy statements of these social networks (which may change regularly) to learn what they do with your (personal) data processed using these cookies. The data collected is anonymized as much as possible. Facebook is located in the United States.<\/p><p><strong>Cookies placed<\/strong><\/p><p>Google reCAPTCHA<\/p><p>Fonctionnel<\/p><p>Consent to service google-recaptcha<\/p><p>Google Fonts<\/p><p>Vimeo<\/p><p>Facebook<\/p><p>LinkedIn<\/p><p><strong>Consent<\/strong><\/p><p>Lorsque vous visitez le Site de Del Degan, Mass\u00e9 et Associ\u00e9s et Groupe Conseil CHG pour la premi\u00e8re fois, une fen\u00eatre contextuelle avec une explication sur les cookies sera affich\u00e9e. En cliquant sur Accepter pour fermer la fen\u00eatre contextuelle, vous acceptez les Conditions d\u2019utilisation et la Politique de confidentialit\u00e9 de Del Degan, Mass\u00e9 et Associ\u00e9s et Groupe Conseil CHG. Si vous n\u2019acceptez pas les Conditions d\u2019utilisations et la Politique de confidentialit\u00e9, veuillez cesser votre utilisation du Site de Del Degan, Mass\u00e9 et Associ\u00e9s et Groupe Conseil CHG.<\/p><p>You can also deactivate the use of cookies by your browser, but please note that the Website may no longer function correctly.<\/p><p><strong>Enabling, disabling and deleting cookies<\/strong><\/p><p>You can use your internet browser to automatically or manually delete cookies. You can also specify that certain cookies should not be placed. Another option is to change your browser settings to receive a message each time a cookie is placed. For more information about these options, please refer to the instructions in the Help section of your browser.<\/p><p>Veuillez noter que le Site de Del Degan, Mass\u00e9 et Associ\u00e9s et Groupe Conseil CHG peut ne pas marcher correctement si tous les cookies sont d\u00e9sactiv\u00e9s. Si vous supprimez les cookies dans votre navigateur, ils seront de nouveau plac\u00e9s apr\u00e8s votre consentement lorsque vous revisiterez le Site.<\/p><p><strong>Your rights regarding your personal data<\/strong><\/p><p>You have the following rights regarding your personal data:<\/p><ol><li>vous pouvez envoyer une demande d\u2019acc\u00e8s aux donn\u00e9es vous concernant trait\u00e9es par Del Degan, Mass\u00e9 et Associ\u00e9s et Groupe Conseil CHG ;<\/li><li>You can object to the processing of your personal data;<\/li><li>You can request an overview, in a commonly used format, of the data processed about you;<\/li><li>You can request the correction or deletion of the data if they are incorrect or if they are no longer up to date.<\/li><li>You have the right to withdraw your consent at any time, subject to contractual or legal restrictions and reasonable notice. You will be informed of the implications of such withdrawal.<\/li><li>You have the right to complain to our organization about any non-compliance with PIPEDA and, if the problem is not resolved, to the Office of the Privacy Commissioner of Canada.<\/li><\/ol><p>Pour exercer ces droits, veuillez contacter Del Degan, Mass\u00e9 et Associ\u00e9s et Groupe Conseil CHG en utilisant les coordonn\u00e9es de la personne ressource au bas de cette politique. Si vous avez une plainte concernant la fa\u00e7on dont Del Degan, Mass\u00e9 et Associ\u00e9s et Groupe Conseil CHG traite vos donn\u00e9es, nous aimerions en \u00eatre inform\u00e9s.<\/p><p><strong>FORMS AND INTERACTIONS<\/strong><\/p><p>Your personal information can be collected through a form on the Website :<\/p><ul><li>Contact form on the Contact page<\/li><li>Spontaneous application and application linked to a job offer forms on our Employment Opportunities pages<\/li><\/ul><p>Del Degan, Mass\u00e9 et Associ\u00e9s et Groupe Conseil CHG peut utiliser vos renseignements personnels pour :<\/p><ol><li>Keep in touch with you, answer your questions, send you information and provide you with personalized service;<\/li><li>communiquer avec vous par courriel et vous faire parvenir du mat\u00e9riel publicitaire ou de l\u2019information suppl\u00e9mentaire sur les services de Del Degan, Mass\u00e9 et Associ\u00e9s et Groupe Conseil CHG, des promotions et des nouvelles ;<\/li><\/ol><p>Your information is also collected through the interaction that may be established between you and our Website, and may be used for the following purposes:<\/p><ul><li>Analytics and statistics (Google Analytics)<\/li><li>Customer contact (contact form, emails or newsletters)<\/li><\/ul><p><strong>THIRD-PARTY SERVICES<\/strong><\/p><p>Del Degan, Mass\u00e9 et Associ\u00e9s et Groupe Conseil CHG utilise des services tiers dans le cadre de la gestion de son Site. En aucun cas, Del Degan, Mass\u00e9 et Associ\u00e9s et Groupe Conseil CHG n\u2019est responsable de tout pr\u00e9judice pouvant provenir de ces services tiers. Pour conna\u00eetre les conditions d\u2019utilisation de ces services, nous vous invitons \u00e0 consulter leurs conditions d'utilisation et politiques respectives. Vous trouverez ci-dessous la liste des services tiers utilis\u00e9s\u00a0:<\/p><p class=\"translation-block\"><strong>Google Analytics (Google Inc.) <\/strong> is a free website traffic analysis service that uses the data collected to track and analyze the use of the Website.<\/p><p class=\"translation-block\"><strong>MailChimp (The Rocket Science Group, LLS.) <\/strong>is an email address management and message-sending service. It allows you to manage the subscription and unsubscription to our newsletters.<\/p><p><strong>AUTOMATICALLY EXCHANGED DATA<\/strong><\/p><p>Del Degan, Mass\u00e9 et Associ\u00e9s et Groupe Conseil CHG recueille certaines informations lors d\u2019\u00e9changes entre votre ordinateur et son serveur. Il s\u2019agit principalement des informations suivantes :<\/p><ul><li>Your IP address (example: 123.456.789.012);<\/li><li>The pages visited and requests made on the site<\/li><li>Date and time you accessed these pages.<\/li><\/ul><p>Most of the information transmitted automatically does not make it possible to know your identity. They are only collected due to technological requirements inherent in Internet browsing.<\/p><p><strong>SHARING OF PERSONAL INFORMATION<\/strong><\/p><p>Del Degan, Mass\u00e9 et Associ\u00e9s et Groupe Conseil CHG s\u2019engage \u00e0 ne pas commercialiser les renseignements personnels collect\u00e9s.<\/p><p>Unless otherwise stated in this Policy, the personal information you provide will not be passed on to third parties without your permission.<\/p><p>Dans le cas o\u00f9 Del Degan, Mass\u00e9 et Associ\u00e9s et Groupe Conseil CHG prendrait part \u00e0 une op\u00e9ration de fusion, d\u2019acquisition ou \u00e0 toute autre forme de vente d\u2019actifs avec une autre organisation, les renseignements personnels que nous avons recueillis feraient partie des actifs transf\u00e9r\u00e9s \u00e0 cette autre organisation. Del Degan, Mass\u00e9 et Associ\u00e9s et Groupe Conseil CHG s\u2019engage \u00e0 garantir la confidentialit\u00e9 des donn\u00e9es personnelles et \u00e0 vous informer avant que celles-ci ne soient transf\u00e9r\u00e9es ou soumises \u00e0 de nouvelles r\u00e8gles de confidentialit\u00e9. Si vous refusez que vos renseignements personnels soient utilis\u00e9s par cette autre organisation, vous pouvez demander \u00e0 cette derni\u00e8re de les supprimer.<\/p><p><strong>ANTI-SPAM LAW<\/strong><\/p><p>Del Degan, Mass\u00e9 et Associ\u00e9s et Groupe Conseil CHG se conforme aux exigences de la Loi canadienne Anti-Pourriel (LCAP). Un lien de d\u00e9sabonnement se trouve au bas de tous les courriels envoy\u00e9s par Del Degan, Mass\u00e9 et Associ\u00e9s et Groupe Conseil CHG. Pour vous d\u00e9sinscrire de notre liste d\u2019envoi de communications \u00e9lectroniques, vous pouvez aussi faire une demande par courriel \u00e0 info@groupe-ddm.com.<\/p><p><strong>SECURITY<\/strong><\/p><p>Les renseignements personnels collect\u00e9s par Del Degan, Mass\u00e9 et Associ\u00e9s et Groupe Conseil CHG sont conserv\u00e9s dans un environnement s\u00e9curis\u00e9. Del Degan, Mass\u00e9 et Associ\u00e9s et Groupe Conseil CHG a adopt\u00e9 des mesures appropri\u00e9es afin de pr\u00e9server la confidentialit\u00e9 des renseignements personnels et de les prot\u00e9ger contre la perte ou le vol, ainsi que l\u2019acc\u00e8s, la communication, la reproduction, l\u2019utilisation ou la modification non autoris\u00e9s, en tenant compte, notamment, de leur sensibilit\u00e9 et des fins auxquelles ils sont employ\u00e9s. De plus, Del Degan, Mass\u00e9 et Associ\u00e9s et Groupe Conseil CHG exige que chaque employ\u00e9, mandataire ou repr\u00e9sentant respecte la pr\u00e9sente Politique.<\/p><p>Pour assurer la s\u00e9curit\u00e9 de vos renseignements personnels, Del Degan, Mass\u00e9 et Associ\u00e9s et Groupe Conseil CHG a recours aux mesures suivantes :<\/p><ul><li>SSL (Secure Sockets Layer) protocol<\/li><li>Content manager access management \u2014 authorized persons only<\/li><li>Computer backup<\/li><li>Username\/password for logged-in users<\/li><li>Sensitive data encryption (e.g. password)<\/li><li>Canadian servers<\/li><\/ul><p>Del Degan, Mass\u00e9 et Associ\u00e9s et Groupe Conseil CHG s\u2019engage ainsi \u00e0 maintenir un haut degr\u00e9 de confidentialit\u00e9 en int\u00e9grant les derni\u00e8res innovations technologiques permettant d\u2019assurer la protection de vos donn\u00e9es personnelles et \u00e9viter qu\u2019elles ne soient consult\u00e9es, utilis\u00e9es ou divulgu\u00e9es sans autorisation.<\/p><p>Del Degan, Mass\u00e9 et Associ\u00e9s et Groupe Conseil CHG s\u2019engage \u00e0 vous informer par courriel de toute br\u00e8che de s\u00e9curit\u00e9 menant \u00e0 un acc\u00e8s non autoris\u00e9 \u00e0 vos donn\u00e9es personnelles dans les plus brefs d\u00e9lais.<\/p><p><strong>CONTACT PERSON<\/strong><\/p><p>Vous pouvez exercer les droits pr\u00e9vus par la pr\u00e9sente Politique ou adresser toute autre question ou plainte concernant les pratiques de Del Degan, Mass\u00e9 et Associ\u00e9s et Groupe Conseil CHG en ce qui a trait \u00e0 la protection des renseignements personnels en contactant Del Degan, Mass\u00e9 et Associ\u00e9s et Groupe Conseil CHG :<\/p><p>Contact Name: Monika Gignac<\/p><p>Mail: 825, rue Raoul-Jobin, Qu\u00e9bec (QC) G1N 1S6<\/p><p>Email: monika.gignac@groupe-ddm.com<\/p><p>Telephone: (418) 877-5252<\/p><p><strong>CHANGES TO THIS POLICY<\/strong><\/p><p>Del Degan, Mass\u00e9 et Associ\u00e9s et Groupe Conseil CHG se r\u00e9serve le droit de modifier ou de compl\u00e9ter la pr\u00e9sente Politique en tout temps, \u00e0 son enti\u00e8re discr\u00e9tion. Toute modification importante qui pourrait avoir une incidence sur la fa\u00e7on dont nous g\u00e9rons vos renseignements personnels sera publi\u00e9e dans le pr\u00e9sent document.<\/p><p>Del Degan, Mass\u00e9 et Associ\u00e9s et Groupe Conseil CHG demande aux utilisateurs de prendre connaissance de la version \u00e0 jour de la Politique. Si vous vous opposez \u00e0 une quelconque modification apport\u00e9e \u00e0 cette Politique, veuillez cesser toute utilisation du Site. L\u2019utilisation continue de ces services, apr\u00e8s l\u2019entr\u00e9e en vigueur d\u2019une nouvelle Politique, constitue votre acceptation de celle-ci.<\/p><p>This page was last modified on August 31, 2023.<\/p><\/div><\/div><\/section>","protected":false},"excerpt":{"rendered":"","protected":false},"author":1,"featured_media":0,"parent":0,"menu_order":2,"comment_status":"closed","ping_status":"closed","template":"","meta":{"_acf_changed":false,"inline_featured_image":false,"footnotes":""},"class_list":["post-47","page","type-page","status-publish","hentry"],"acf":[],"yoast_head":"<!-- This site is optimized with the Yoast SEO plugin v27.2 - https:\/\/yoast.com\/product\/yoast-seo-wordpress\/ -->\n<title>Politique de confidentialit\u00e9 &#183; DDM | CHG<\/title>\n<meta name=\"robots\" content=\"index, follow, max-snippet:-1, max-image-preview:large, max-video-preview:-1\" \/>\n<link rel=\"canonical\" href=\"https:\/\/ddm-chg.com\/en\/politique-de-confidentialite\/\" \/>\n<meta property=\"og:locale\" content=\"en_US\" \/>\n<meta property=\"og:type\" content=\"article\" \/>\n<meta property=\"og:title\" content=\"Politique de confidentialit\u00e9 &#183; DDM | CHG\" \/>\n<meta property=\"og:url\" content=\"https:\/\/ddm-chg.com\/en\/politique-de-confidentialite\/\" \/>\n<meta property=\"og:site_name\" content=\"DDM | CHG\" \/>\n<meta property=\"article:publisher\" content=\"https:\/\/www.facebook.com\/GroupeDDM\" \/>\n<meta property=\"article:modified_time\" content=\"2025-06-17T14:57:09+00:00\" \/>\n<meta property=\"og:image\" content=\"https:\/\/ddm-chg.com\/wp-content\/uploads\/2025\/06\/ddm-OG.jpg\" \/>\n\t<meta property=\"og:image:width\" content=\"1200\" \/>\n\t<meta property=\"og:image:height\" content=\"630\" \/>\n\t<meta property=\"og:image:type\" content=\"image\/jpeg\" \/>\n<meta name=\"twitter:card\" content=\"summary_large_image\" \/>\n<meta name=\"twitter:label1\" content=\"Est. reading time\" \/>\n\t<meta name=\"twitter:data1\" content=\"12 minutes\" \/>\n<script type=\"application\/ld+json\" class=\"yoast-schema-graph\">{\"@context\":\"https:\/\/schema.org\",\"@graph\":[{\"@type\":\"WebPage\",\"@id\":\"https:\/\/ddm-chg.com\/politique-de-confidentialite\/\",\"url\":\"https:\/\/ddm-chg.com\/politique-de-confidentialite\/\",\"name\":\"Politique de confidentialit\u00e9 &#183; DDM | CHG\",\"isPartOf\":{\"@id\":\"https:\/\/ddm-chg.com\/#website\"},\"datePublished\":\"2025-01-08T13:46:20+00:00\",\"dateModified\":\"2025-06-17T14:57:09+00:00\",\"breadcrumb\":{\"@id\":\"https:\/\/ddm-chg.com\/politique-de-confidentialite\/#breadcrumb\"},\"inLanguage\":\"en-CA\",\"potentialAction\":[{\"@type\":\"ReadAction\",\"target\":[\"https:\/\/ddm-chg.com\/politique-de-confidentialite\/\"]}]},{\"@type\":\"BreadcrumbList\",\"@id\":\"https:\/\/ddm-chg.com\/politique-de-confidentialite\/#breadcrumb\",\"itemListElement\":[{\"@type\":\"ListItem\",\"position\":1,\"name\":\"Home\",\"item\":\"https:\/\/ddm-chg.com\/\"},{\"@type\":\"ListItem\",\"position\":2,\"name\":\"Politique de confidentialit\u00e9\"}]},{\"@type\":\"WebSite\",\"@id\":\"https:\/\/ddm-chg.com\/#website\",\"url\":\"https:\/\/ddm-chg.com\/\",\"name\":\"DDM | CHG\",\"description\":\"Unis pour b\u00e2tir, transformer et prot\u00e9ger notre territoire\",\"publisher\":{\"@id\":\"https:\/\/ddm-chg.com\/#organization\"},\"alternateName\":\"Groupe DDM x Groupe Conseil CHG\",\"potentialAction\":[{\"@type\":\"SearchAction\",\"target\":{\"@type\":\"EntryPoint\",\"urlTemplate\":\"https:\/\/ddm-chg.com\/?s={search_term_string}\"},\"query-input\":{\"@type\":\"PropertyValueSpecification\",\"valueRequired\":true,\"valueName\":\"search_term_string\"}}],\"inLanguage\":\"en-CA\"},{\"@type\":\"Organization\",\"@id\":\"https:\/\/ddm-chg.com\/#organization\",\"name\":\"Groupe DDM x Groupe Conseil CHG\",\"url\":\"https:\/\/ddm-chg.com\/\",\"logo\":{\"@type\":\"ImageObject\",\"inLanguage\":\"en-CA\",\"@id\":\"https:\/\/ddm-chg.com\/#\/schema\/logo\/image\/\",\"url\":\"https:\/\/ddm-chg.com\/wp-content\/uploads\/2025\/01\/favicon-ddm.png\",\"contentUrl\":\"https:\/\/ddm-chg.com\/wp-content\/uploads\/2025\/01\/favicon-ddm.png\",\"width\":432,\"height\":476,\"caption\":\"Groupe DDM x Groupe Conseil CHG\"},\"image\":{\"@id\":\"https:\/\/ddm-chg.com\/#\/schema\/logo\/image\/\"},\"sameAs\":[\"https:\/\/www.facebook.com\/GroupeDDM\",\"https:\/\/www.facebook.com\/chgconseil\/\",\"https:\/\/www.linkedin.com\/company\/groupe-ddm\/\"]}]}<\/script>\n<!-- \/ Yoast SEO plugin. -->","yoast_head_json":{"title":"Politique de confidentialit\u00e9 &#183; DDM | CHG","robots":{"index":"index","follow":"follow","max-snippet":"max-snippet:-1","max-image-preview":"max-image-preview:large","max-video-preview":"max-video-preview:-1"},"canonical":"https:\/\/ddm-chg.com\/en\/politique-de-confidentialite\/","og_locale":"en_US","og_type":"article","og_title":"Politique de confidentialit\u00e9 &#183; DDM | CHG","og_url":"https:\/\/ddm-chg.com\/en\/politique-de-confidentialite\/","og_site_name":"DDM | CHG","article_publisher":"https:\/\/www.facebook.com\/GroupeDDM","article_modified_time":"2025-06-17T14:57:09+00:00","og_image":[{"width":1200,"height":630,"url":"https:\/\/ddm-chg.com\/wp-content\/uploads\/2025\/06\/ddm-OG.jpg","type":"image\/jpeg"}],"twitter_card":"summary_large_image","twitter_misc":{"Est. reading time":"12 minutes"},"schema":{"@context":"https:\/\/schema.org","@graph":[{"@type":"WebPage","@id":"https:\/\/ddm-chg.com\/politique-de-confidentialite\/","url":"https:\/\/ddm-chg.com\/politique-de-confidentialite\/","name":"Politique de confidentialit\u00e9 &#183; DDM | CHG","isPartOf":{"@id":"https:\/\/ddm-chg.com\/#website"},"datePublished":"2025-01-08T13:46:20+00:00","dateModified":"2025-06-17T14:57:09+00:00","breadcrumb":{"@id":"https:\/\/ddm-chg.com\/politique-de-confidentialite\/#breadcrumb"},"inLanguage":"en-CA","potentialAction":[{"@type":"ReadAction","target":["https:\/\/ddm-chg.com\/politique-de-confidentialite\/"]}]},{"@type":"BreadcrumbList","@id":"https:\/\/ddm-chg.com\/politique-de-confidentialite\/#breadcrumb","itemListElement":[{"@type":"ListItem","position":1,"name":"Home","item":"https:\/\/ddm-chg.com\/"},{"@type":"ListItem","position":2,"name":"Politique de confidentialit\u00e9"}]},{"@type":"WebSite","@id":"https:\/\/ddm-chg.com\/#website","url":"https:\/\/ddm-chg.com\/","name":"DDM | CHG","description":"Unis pour b\u00e2tir, transformer et prot\u00e9ger notre territoire","publisher":{"@id":"https:\/\/ddm-chg.com\/#organization"},"alternateName":"Groupe DDM x Groupe Conseil CHG","potentialAction":[{"@type":"SearchAction","target":{"@type":"EntryPoint","urlTemplate":"https:\/\/ddm-chg.com\/?s={search_term_string}"},"query-input":{"@type":"PropertyValueSpecification","valueRequired":true,"valueName":"search_term_string"}}],"inLanguage":"en-CA"},{"@type":"Organization","@id":"https:\/\/ddm-chg.com\/#organization","name":"Groupe DDM x Groupe Conseil CHG","url":"https:\/\/ddm-chg.com\/","logo":{"@type":"ImageObject","inLanguage":"en-CA","@id":"https:\/\/ddm-chg.com\/#\/schema\/logo\/image\/","url":"https:\/\/ddm-chg.com\/wp-content\/uploads\/2025\/01\/favicon-ddm.png","contentUrl":"https:\/\/ddm-chg.com\/wp-content\/uploads\/2025\/01\/favicon-ddm.png","width":432,"height":476,"caption":"Groupe DDM x Groupe Conseil CHG"},"image":{"@id":"https:\/\/ddm-chg.com\/#\/schema\/logo\/image\/"},"sameAs":["https:\/\/www.facebook.com\/GroupeDDM","https:\/\/www.facebook.com\/chgconseil\/","https:\/\/www.linkedin.com\/company\/groupe-ddm\/"]}]}},"_links":{"self":[{"href":"https:\/\/ddm-chg.com\/en\/wp-json\/wp\/v2\/pages\/47","targetHints":{"allow":["GET"]}}],"collection":[{"href":"https:\/\/ddm-chg.com\/en\/wp-json\/wp\/v2\/pages"}],"about":[{"href":"https:\/\/ddm-chg.com\/en\/wp-json\/wp\/v2\/types\/page"}],"author":[{"embeddable":true,"href":"https:\/\/ddm-chg.com\/en\/wp-json\/wp\/v2\/users\/1"}],"replies":[{"embeddable":true,"href":"https:\/\/ddm-chg.com\/en\/wp-json\/wp\/v2\/comments?post=47"}],"version-history":[{"count":2,"href":"https:\/\/ddm-chg.com\/en\/wp-json\/wp\/v2\/pages\/47\/revisions"}],"predecessor-version":[{"id":355,"href":"https:\/\/ddm-chg.com\/en\/wp-json\/wp\/v2\/pages\/47\/revisions\/355"}],"wp:attachment":[{"href":"https:\/\/ddm-chg.com\/en\/wp-json\/wp\/v2\/media?parent=47"}],"curies":[{"name":"wp","href":"https:\/\/api.w.org\/{rel}","templated":true}]}}