{"id":83,"date":"2025-01-08T18:45:49","date_gmt":"2025-01-08T18:45:49","guid":{"rendered":"https:\/\/ddm-chg.com\/?page_id=83"},"modified":"2026-03-27T13:15:33","modified_gmt":"2026-03-27T17:15:33","slug":"gestion-de-projet","status":"publish","type":"page","link":"https:\/\/ddm-chg.com\/en\/expertises\/gestion-de-projet\/","title":{"rendered":"Gestion de projet"},"content":{"rendered":"","protected":false},"excerpt":{"rendered":"","protected":false},"author":1,"featured_media":0,"parent":14,"menu_order":14,"comment_status":"closed","ping_status":"closed","template":"","meta":{"_acf_changed":false,"inline_featured_image":false,"footnotes":""},"class_list":["post-83","page","type-page","status-publish","hentry"],"acf":[],"yoast_head":"<!-- This site is optimized with the Yoast SEO plugin v27.2 - https:\/\/yoast.com\/product\/yoast-seo-wordpress\/ -->\n<title>Gestion de projet &#183; DDM | CHG<\/title>\n<meta name=\"description\" content=\"Gestion de projet cl\u00e9 en main : \u00e9tude de faisabilit\u00e9, planification, appels d\u2019offres, suivi de chantier, contr\u00f4le budg\u00e9taire et livraison.\" \/>\n<meta name=\"robots\" content=\"index, follow, max-snippet:-1, max-image-preview:large, max-video-preview:-1\" \/>\n<link rel=\"canonical\" href=\"https:\/\/ddm-chg.com\/en\/expertises\/gestion-de-projet\/\" \/>\n<meta property=\"og:locale\" content=\"en_US\" \/>\n<meta property=\"og:type\" content=\"article\" \/>\n<meta property=\"og:title\" content=\"Gestion de projet &#183; DDM | CHG\" \/>\n<meta property=\"og:description\" content=\"Gestion de projet cl\u00e9 en main : \u00e9tude de faisabilit\u00e9, planification, appels d\u2019offres, suivi de chantier, contr\u00f4le budg\u00e9taire et livraison.\" \/>\n<meta property=\"og:url\" content=\"https:\/\/ddm-chg.com\/en\/expertises\/gestion-de-projet\/\" \/>\n<meta property=\"og:site_name\" content=\"DDM | CHG\" \/>\n<meta property=\"article:publisher\" content=\"https:\/\/www.facebook.com\/GroupeDDM\" \/>\n<meta property=\"article:modified_time\" content=\"2026-03-27T17:15:33+00:00\" \/>\n<meta property=\"og:image\" content=\"https:\/\/ddm-chg.com\/wp-content\/uploads\/2025\/06\/ddm-OG.jpg\" \/>\n\t<meta property=\"og:image:width\" content=\"1200\" \/>\n\t<meta property=\"og:image:height\" content=\"630\" \/>\n\t<meta property=\"og:image:type\" content=\"image\/jpeg\" \/>\n<meta name=\"twitter:card\" content=\"summary_large_image\" \/>\n<script type=\"application\/ld+json\" class=\"yoast-schema-graph\">{\"@context\":\"https:\/\/schema.org\",\"@graph\":[{\"@type\":\"WebPage\",\"@id\":\"https:\/\/ddm-chg.com\/expertises\/gestion-de-projet\/\",\"url\":\"https:\/\/ddm-chg.com\/expertises\/gestion-de-projet\/\",\"name\":\"Gestion de projet &#183; DDM | CHG\",\"isPartOf\":{\"@id\":\"https:\/\/ddm-chg.com\/#website\"},\"datePublished\":\"2025-01-08T18:45:49+00:00\",\"dateModified\":\"2026-03-27T17:15:33+00:00\",\"description\":\"Gestion de projet cl\u00e9 en main : \u00e9tude de faisabilit\u00e9, planification, appels d\u2019offres, suivi de chantier, contr\u00f4le budg\u00e9taire et livraison.\",\"breadcrumb\":{\"@id\":\"https:\/\/ddm-chg.com\/expertises\/gestion-de-projet\/#breadcrumb\"},\"inLanguage\":\"en-CA\",\"potentialAction\":[{\"@type\":\"ReadAction\",\"target\":[\"https:\/\/ddm-chg.com\/expertises\/gestion-de-projet\/\"]}]},{\"@type\":\"BreadcrumbList\",\"@id\":\"https:\/\/ddm-chg.com\/expertises\/gestion-de-projet\/#breadcrumb\",\"itemListElement\":[{\"@type\":\"ListItem\",\"position\":1,\"name\":\"Home\",\"item\":\"https:\/\/ddm-chg.com\/\"},{\"@type\":\"ListItem\",\"position\":2,\"name\":\"Expertises\",\"item\":\"https:\/\/ddm-chg.com\/expertises\/\"},{\"@type\":\"ListItem\",\"position\":3,\"name\":\"Gestion de projet\"}]},{\"@type\":\"WebSite\",\"@id\":\"https:\/\/ddm-chg.com\/#website\",\"url\":\"https:\/\/ddm-chg.com\/\",\"name\":\"DDM | CHG\",\"description\":\"Unis pour b\u00e2tir, transformer et prot\u00e9ger notre territoire\",\"publisher\":{\"@id\":\"https:\/\/ddm-chg.com\/#organization\"},\"alternateName\":\"Groupe DDM x Groupe Conseil CHG\",\"potentialAction\":[{\"@type\":\"SearchAction\",\"target\":{\"@type\":\"EntryPoint\",\"urlTemplate\":\"https:\/\/ddm-chg.com\/?s={search_term_string}\"},\"query-input\":{\"@type\":\"PropertyValueSpecification\",\"valueRequired\":true,\"valueName\":\"search_term_string\"}}],\"inLanguage\":\"en-CA\"},{\"@type\":\"Organization\",\"@id\":\"https:\/\/ddm-chg.com\/#organization\",\"name\":\"Groupe DDM x Groupe Conseil CHG\",\"url\":\"https:\/\/ddm-chg.com\/\",\"logo\":{\"@type\":\"ImageObject\",\"inLanguage\":\"en-CA\",\"@id\":\"https:\/\/ddm-chg.com\/#\/schema\/logo\/image\/\",\"url\":\"https:\/\/ddm-chg.com\/wp-content\/uploads\/2025\/01\/favicon-ddm.png\",\"contentUrl\":\"https:\/\/ddm-chg.com\/wp-content\/uploads\/2025\/01\/favicon-ddm.png\",\"width\":432,\"height\":476,\"caption\":\"Groupe DDM x Groupe Conseil CHG\"},\"image\":{\"@id\":\"https:\/\/ddm-chg.com\/#\/schema\/logo\/image\/\"},\"sameAs\":[\"https:\/\/www.facebook.com\/GroupeDDM\",\"https:\/\/www.facebook.com\/chgconseil\/\",\"https:\/\/www.linkedin.com\/company\/groupe-ddm\/\"]}]}<\/script>\n<!-- \/ Yoast SEO plugin. -->","yoast_head_json":{"title":"Gestion de projet &#183; DDM | CHG","description":"Gestion de projet cl\u00e9 en main : \u00e9tude de faisabilit\u00e9, planification, appels d\u2019offres, suivi de chantier, contr\u00f4le budg\u00e9taire et livraison.","robots":{"index":"index","follow":"follow","max-snippet":"max-snippet:-1","max-image-preview":"max-image-preview:large","max-video-preview":"max-video-preview:-1"},"canonical":"https:\/\/ddm-chg.com\/en\/expertises\/gestion-de-projet\/","og_locale":"en_US","og_type":"article","og_title":"Gestion de projet &#183; DDM | CHG","og_description":"Gestion de projet cl\u00e9 en main : \u00e9tude de faisabilit\u00e9, planification, appels d\u2019offres, suivi de chantier, contr\u00f4le budg\u00e9taire et livraison.","og_url":"https:\/\/ddm-chg.com\/en\/expertises\/gestion-de-projet\/","og_site_name":"DDM | CHG","article_publisher":"https:\/\/www.facebook.com\/GroupeDDM","article_modified_time":"2026-03-27T17:15:33+00:00","og_image":[{"width":1200,"height":630,"url":"https:\/\/ddm-chg.com\/wp-content\/uploads\/2025\/06\/ddm-OG.jpg","type":"image\/jpeg"}],"twitter_card":"summary_large_image","schema":{"@context":"https:\/\/schema.org","@graph":[{"@type":"WebPage","@id":"https:\/\/ddm-chg.com\/expertises\/gestion-de-projet\/","url":"https:\/\/ddm-chg.com\/expertises\/gestion-de-projet\/","name":"Gestion de projet &#183; DDM | CHG","isPartOf":{"@id":"https:\/\/ddm-chg.com\/#website"},"datePublished":"2025-01-08T18:45:49+00:00","dateModified":"2026-03-27T17:15:33+00:00","description":"Gestion de projet cl\u00e9 en main : \u00e9tude de faisabilit\u00e9, planification, appels d\u2019offres, suivi de chantier, contr\u00f4le budg\u00e9taire et livraison.","breadcrumb":{"@id":"https:\/\/ddm-chg.com\/expertises\/gestion-de-projet\/#breadcrumb"},"inLanguage":"en-CA","potentialAction":[{"@type":"ReadAction","target":["https:\/\/ddm-chg.com\/expertises\/gestion-de-projet\/"]}]},{"@type":"BreadcrumbList","@id":"https:\/\/ddm-chg.com\/expertises\/gestion-de-projet\/#breadcrumb","itemListElement":[{"@type":"ListItem","position":1,"name":"Home","item":"https:\/\/ddm-chg.com\/"},{"@type":"ListItem","position":2,"name":"Expertises","item":"https:\/\/ddm-chg.com\/expertises\/"},{"@type":"ListItem","position":3,"name":"Gestion de projet"}]},{"@type":"WebSite","@id":"https:\/\/ddm-chg.com\/#website","url":"https:\/\/ddm-chg.com\/","name":"DDM | CHG","description":"Unis pour b\u00e2tir, transformer et prot\u00e9ger notre territoire","publisher":{"@id":"https:\/\/ddm-chg.com\/#organization"},"alternateName":"Groupe DDM x Groupe Conseil CHG","potentialAction":[{"@type":"SearchAction","target":{"@type":"EntryPoint","urlTemplate":"https:\/\/ddm-chg.com\/?s={search_term_string}"},"query-input":{"@type":"PropertyValueSpecification","valueRequired":true,"valueName":"search_term_string"}}],"inLanguage":"en-CA"},{"@type":"Organization","@id":"https:\/\/ddm-chg.com\/#organization","name":"Groupe DDM x Groupe Conseil CHG","url":"https:\/\/ddm-chg.com\/","logo":{"@type":"ImageObject","inLanguage":"en-CA","@id":"https:\/\/ddm-chg.com\/#\/schema\/logo\/image\/","url":"https:\/\/ddm-chg.com\/wp-content\/uploads\/2025\/01\/favicon-ddm.png","contentUrl":"https:\/\/ddm-chg.com\/wp-content\/uploads\/2025\/01\/favicon-ddm.png","width":432,"height":476,"caption":"Groupe DDM x Groupe Conseil CHG"},"image":{"@id":"https:\/\/ddm-chg.com\/#\/schema\/logo\/image\/"},"sameAs":["https:\/\/www.facebook.com\/GroupeDDM","https:\/\/www.facebook.com\/chgconseil\/","https:\/\/www.linkedin.com\/company\/groupe-ddm\/"]}]}},"_links":{"self":[{"href":"https:\/\/ddm-chg.com\/en\/wp-json\/wp\/v2\/pages\/83","targetHints":{"allow":["GET"]}}],"collection":[{"href":"https:\/\/ddm-chg.com\/en\/wp-json\/wp\/v2\/pages"}],"about":[{"href":"https:\/\/ddm-chg.com\/en\/wp-json\/wp\/v2\/types\/page"}],"author":[{"embeddable":true,"href":"https:\/\/ddm-chg.com\/en\/wp-json\/wp\/v2\/users\/1"}],"replies":[{"embeddable":true,"href":"https:\/\/ddm-chg.com\/en\/wp-json\/wp\/v2\/comments?post=83"}],"version-history":[{"count":4,"href":"https:\/\/ddm-chg.com\/en\/wp-json\/wp\/v2\/pages\/83\/revisions"}],"predecessor-version":[{"id":903,"href":"https:\/\/ddm-chg.com\/en\/wp-json\/wp\/v2\/pages\/83\/revisions\/903"}],"up":[{"embeddable":true,"href":"https:\/\/ddm-chg.com\/en\/wp-json\/wp\/v2\/pages\/14"}],"wp:attachment":[{"href":"https:\/\/ddm-chg.com\/en\/wp-json\/wp\/v2\/media?parent=83"}],"curies":[{"name":"wp","href":"https:\/\/api.w.org\/{rel}","templated":true}]}}